{"id":1294,"date":"2024-10-15T08:31:19","date_gmt":"2024-10-15T08:31:19","guid":{"rendered":"https:\/\/www.lands.lv\/?page_id=1294"},"modified":"2025-09-05T11:21:25","modified_gmt":"2025-09-05T08:21:25","slug":"modern2","status":"publish","type":"page","link":"https:\/\/www.lands.lv\/lv\/modern2\/","title":{"rendered":"Modern2"},"content":{"rendered":"<h1><strong>MODERN 2<\/strong> &#8212; <span class=\"translatable-message\"><strong>PIRTS<\/strong><\/span><\/h1>\n<div class=\"slider-wrapper relative\" id=\"slider-1454450434\" >\n    <div class=\"slider slider-nav-circle slider-nav-large slider-nav-light slider-style-normal slider-show-nav\"\n        data-flickity-options='{            \"cellAlign\": \"center\",            \"imagesLoaded\": true,            \"lazyLoad\": 1,            \"freeScroll\": false,            \"wrapAround\": true,            \"autoPlay\": 6000,            \"pauseAutoPlayOnHover\" : true,            \"prevNextButtons\": true,            \"contain\" : true,            \"adaptiveHeight\" : true,            \"dragThreshold\" : 10,            \"percentPosition\": true,            \"pageDots\": true,            \"rightToLeft\": false,            \"draggable\": true,            \"selectedAttraction\": 0.1,            \"parallax\" : 0,            \"friction\": 0.6        }'\n        >\n        \n\n\t<div class=\"img has-hover x md-x lg-x y md-y lg-y\" id=\"image_530526740\">\n\t\t\t\t\t\t\t\t<div class=\"img-inner dark\" >\n\t\t\t<img loading=\"lazy\" decoding=\"async\" width=\"1020\" height=\"574\" src=\"https:\/\/www.lands.lv\/wp-content\/uploads\/2025\/01\/MODERN-2_render1-1400x788.png\" class=\"attachment-large size-large\" alt=\"\" srcset=\"https:\/\/www.lands.lv\/wp-content\/uploads\/2025\/01\/MODERN-2_render1-1400x788.png 1400w, https:\/\/www.lands.lv\/wp-content\/uploads\/2025\/01\/MODERN-2_render1-711x400.png 711w, https:\/\/www.lands.lv\/wp-content\/uploads\/2025\/01\/MODERN-2_render1-768x432.png 768w, https:\/\/www.lands.lv\/wp-content\/uploads\/2025\/01\/MODERN-2_render1-1536x864.png 1536w, https:\/\/www.lands.lv\/wp-content\/uploads\/2025\/01\/MODERN-2_render1-18x10.png 18w, https:\/\/www.lands.lv\/wp-content\/uploads\/2025\/01\/MODERN-2_render1-600x338.png 600w, https:\/\/www.lands.lv\/wp-content\/uploads\/2025\/01\/MODERN-2_render1.png 1920w\" sizes=\"auto, (max-width: 1020px) 100vw, 1020px\" \/>\t\t\t\t\t\t\n\t\t\t\t\t<\/div>\n\t\t\t\t\t\t\t\t\n<style>\n#image_530526740 {\n  width: 100%;\n}\n<\/style>\n\t<\/div>\n\t\n\n\t<div class=\"img has-hover x md-x lg-x y md-y lg-y\" id=\"image_1772525852\">\n\t\t\t\t\t\t\t\t<div class=\"img-inner dark\" >\n\t\t\t<img loading=\"lazy\" decoding=\"async\" width=\"1020\" height=\"574\" src=\"https:\/\/www.lands.lv\/wp-content\/uploads\/2025\/01\/MODERN-2_render2-1400x788.png\" class=\"attachment-large size-large\" alt=\"\" srcset=\"https:\/\/www.lands.lv\/wp-content\/uploads\/2025\/01\/MODERN-2_render2-1400x788.png 1400w, https:\/\/www.lands.lv\/wp-content\/uploads\/2025\/01\/MODERN-2_render2-711x400.png 711w, https:\/\/www.lands.lv\/wp-content\/uploads\/2025\/01\/MODERN-2_render2-768x432.png 768w, https:\/\/www.lands.lv\/wp-content\/uploads\/2025\/01\/MODERN-2_render2-1536x864.png 1536w, https:\/\/www.lands.lv\/wp-content\/uploads\/2025\/01\/MODERN-2_render2-18x10.png 18w, https:\/\/www.lands.lv\/wp-content\/uploads\/2025\/01\/MODERN-2_render2-600x338.png 600w, https:\/\/www.lands.lv\/wp-content\/uploads\/2025\/01\/MODERN-2_render2.png 1920w\" sizes=\"auto, (max-width: 1020px) 100vw, 1020px\" \/>\t\t\t\t\t\t\n\t\t\t\t\t<\/div>\n\t\t\t\t\t\t\t\t\n<style>\n#image_1772525852 {\n  width: 100%;\n}\n<\/style>\n\t<\/div>\n\t\n\n\n     <\/div>\n\n     <div class=\"loading-spin dark large centered\"><\/div>\n\n     \t<\/div>\n\n\n\t<div id=\"gap-809721532\" class=\"gap-element clearfix\" style=\"display:block; height:auto;\">\n\t\t\n<style>\n#gap-809721532 {\n  padding-top: 30px;\n}\n<\/style>\n\t<\/div>\n\t\n\n<div class=\"row row-collapse row-full-width\"  id=\"row-1966055678\">\n\n\n\t<div id=\"col-1655987516\" class=\"col medium-6 large-6\"  >\n\t\t\t\t<div class=\"col-inner\"  >\n\t\t\t\n\t\t\t\n\n<div class=\"video video-fit mb\" style=\"padding-top:56.25%;\"><iframe loading=\"lazy\" title=\"M\u016aSDIENU 1 P\u0100RSKATS RU\" width=\"1020\" height=\"574\" src=\"https:\/\/www.youtube.com\/embed\/V55zs-ky9yQ?feature=oembed\" frameborder=\"0\" allow=\"accelerometer; autoplay; clipboard-write; encrypted-media; gyroscope; picture-in-picture; web-share\" referrerpolicy=\"strict-origin-when-cross-origin\" allowfullscreen><\/iframe><\/div>\n\n\n\t\t<\/div>\n\t\t\t\t\t<\/div>\n\n\t\n\n\t<div id=\"col-16588140\" class=\"col medium-6 large-6\"  >\n\t\t\t\t<div class=\"col-inner\"  >\n\t\t\t\n\t\t\t\n\n<div class=\"video video-fit mb\" style=\"padding-top:56.25%;\"><p><iframe loading=\"lazy\" title=\"Lands.lv m\u0101ju ra\u017eotne LATVIJA\" width=\"1020\" height=\"574\" src=\"https:\/\/www.youtube.com\/embed\/siA5TgGnMv4?feature=oembed\" frameborder=\"0\" allow=\"accelerometer; autoplay; clipboard-write; encrypted-media; gyroscope; picture-in-picture; web-share\" referrerpolicy=\"strict-origin-when-cross-origin\" allowfullscreen><\/iframe><\/p>\n<\/div>\n\n\n\t\t<\/div>\n\t\t\t\t\t<\/div>\n\n\t\n\n<\/div>\n<div class=\"row row-large align-middle\"  id=\"row-1495978930\">\n\n\n\t<div id=\"col-2145159236\" class=\"col small-12 large-12\"  >\n\t\t\t\t<div class=\"col-inner\"  >\n\t\t\t\n\t\t\t\n\n<div class=\"t396__filter\" data-artboard-recid=\"625086588\">\n<p>\u00a0<\/p>\n<p><strong>\u25b6<\/strong><strong>\u00a0MODERN-2<\/strong><\/p>\n<ul>\n<li>Pirts 3 in 1 (somu sauna, krievu sauna un turku pirts)<\/li>\n<li>Atp\u016btas telpa ar b\u0101ra lete.<\/li>\n<li>Gu\u013camistaba.<\/li>\n<li>Du\u0161as telpa un \u0123\u0113rbtuve.<\/li>\n<li>Atsevi\u0161\u0137a vannas istaba un terase.<\/li>\n<li>Piln\u012bb\u0101 apr\u012bkots ar m\u0113bel\u0113m un iek\u0101rt\u0101m.<\/li>\n<\/ul>\n<\/div>\n\n\n<div class=\"language-specific-image\">\n\n  <img decoding=\"async\" src=\"https:\/\/www.lands.lv\/wp-content\/uploads\/2025\/01\/MODERN-2_plan_RU.png\" class=\"lang-ru-RU\"  alt=\"Krievu valodas att\u0113ls\">\n\n  <img decoding=\"async\" src=\"https:\/\/www.lands.lv\/wp-content\/uploads\/2025\/01\/MODERN-2_1_LV.png\" class=\"lang-lv\" alt=\"Latvie\u0161u valodas att\u0113ls\">\n\n  <img decoding=\"async\" src=\"https:\/\/www.lands.lv\/wp-content\/uploads\/2025\/01\/MODERN-2_1_LV.png\" class=\"lang-en-GB\" alt=\"Ang\u013cu valodas att\u0113ls\">\n\n<\/div>\n\n\n\t\t<\/div>\n\t\t\t\t\t<\/div>\n\n\t\n\n<\/div>\n<div class=\"row\"  id=\"row-1704303755\">\n\n\n\t<div id=\"col-1879082442\" class=\"col small-12 large-12\"  >\n\t\t\t\t<div class=\"col-inner\"  >\n\t\t\t\n\t\t\t\n\n<p><strong>\ud83d\udcd0 <\/strong><strong>Tehniskais<\/strong> <strong>raksturlielumi<\/strong><\/p>\n<ul>\n<li>\u0112kas plat\u012bba: 70,21 m\u00b2<\/li>\n<li>Izmantojam\u0101 plat\u012bba: 66,43 m\u00b2<\/li>\n<li>Dz\u012bvojamo istabu skaits: 2<\/li>\n<li>Pirts 3in1 (somu sauna - krievu pirts - turku hamams)<\/li>\n<li>Terase: 27,27 m\u00b2 (silta ziemas d\u0101rzs)<\/li>\n<li>Tehnisk\u0101s telpas: 3,5 \u043c\u00b2<\/li>\n<li>Griestu augstums: 2,75 m<\/li>\n<li>Jumta kores augstums: 3,50 m<\/li>\n<\/ul>\n<p><strong><em>Nojume nav oblig\u0101ta<\/em><\/strong> <strong><em>\u0438<\/em><\/strong> <strong><em>ne<\/em><\/strong> <strong><em>ieiet<\/em><\/strong> <strong><em>\u0432<\/em><\/strong> <strong><em>pamata<\/em><\/strong> <strong><em>projekts<\/em><\/strong><strong><em>.<\/em><\/strong><\/p>\n<p><strong>\ud83d\udecb\ufe0f <\/strong><strong>Standarta<\/strong> <strong>sasaist\u012b\u0161ana<\/strong> <strong>ietver<\/strong><\/p>\n<ul>\n<li>R\u016bpn\u012bc\u0101 apr\u012bkota m\u0101ja ar pilnu \u0101r\u0113jo apdari.<\/li>\n<li>Plastmasas logi (tostarp skatlogi un durvis).<\/li>\n<li>P\u0101rkl\u0101t\u0101 terase ir lieliska vieta atp\u016btai.<\/li>\n<li><strong>Premium<\/strong> interjera apdare.<\/li>\n<li>Elektroinstal\u0101cija, santehnika, ventil\u0101cija, apgaismes \u0137erme\u0146i.<\/li>\n<li>\u00a0<\/li>\n<\/ul>\n<p><strong>\ud83c\udf1f <\/strong><strong>Papildu<\/strong> <strong>iesp\u0113jas<\/strong><\/p>\n<ul>\n<li>Saules elektrostacija (5 kW) - 3200 EUR<\/li>\n<li>Apkures sist\u0113ma (SAMSUNG elektriskie radiatori) - 610 EUR<\/li>\n<li>Gulta 1600\u00d72000 (IKEA) ar matraci - 515 EUR<\/li>\n<li>D\u012bv\u0101ns + projektors ar audeklu - 890 EUR<\/li>\n<li>Plastmasas siena terasei (ziemas d\u0101rzam) - 970 EUR<\/li>\n<li>Vitr\u012bnas siena (dz\u012bvojam\u0101s plat\u012bbas palielin\u0101\u0161anai - 3240 EUR<\/li>\n<li>Vied\u0101 m\u0101jas sist\u0113ma (Alexa, Google, Apple Home, SmartHome) - no 310 l\u012bdz 920 EUR<\/li>\n<li>Apr\u012bkotas m\u0113beles: skapis, st\u016bra b\u0101ra st\u016bris, vannas zon\u0101 visi plaukti. Apr\u012bkojums: tvaika \u0123enerators hamamam, pirts pl\u012bts, katls. Pilns sanit\u0101r\u0101 apr\u012bkojuma komplekts: du\u0161as kab\u012bne, dvie\u013cu \u017e\u0101v\u0113t\u0101js, piekaram\u0101 tualete, skapis + izlietne. + 3100 EUR<\/li>\n<\/ul>\n\n\t\t<\/div>\n\t\t\t\t\t<\/div>\n\n\t\n\n<\/div>\n<p><strong>\u2757 <\/strong><strong>Ko<\/strong> <strong>ne<\/strong> <strong>ieiet<\/strong> <strong>\u0432<\/strong> <strong>pamata<\/strong> <strong>v\u0113rt\u012bba<\/strong><\/p>\n<ul>\n<li>P\u0101\u013cu vai bloku p\u0101\u013cu pamati.<\/li>\n<li>M\u0101jas piesl\u0113g\u0161ana elektrot\u012bklam un kanaliz\u0101cijai.<\/li>\n<li>M\u0101jas pieg\u0101de uz b\u016bvlaukumu.<\/li>\n<li>M\u0113rniec\u012bbas, \u0123eolo\u0123ijas un autocelt\u0146u pakalpojumi.<\/li>\n<li>M\u0101jas atra\u0161an\u0101s vietas saska\u0146o\u0161ana ar b\u016bvvaldi.<\/li>\n<\/ul>\n<div class=\"row align-center\"  id=\"row-996140207\">\n\n\n\t<div id=\"col-1339740912\" class=\"col medium-10 small-12 large-10\"  >\n\t\t\t\t<div class=\"col-inner text-center\"  >\n\t\t\t\n\t\t\t\n\n\t\t<div class=\"hidden\">\n\t\t\t\t\n\n        <style type=\"text\/css\">\n                .fts-facebook-add-more-posts-notice {\n            display: none !important;\n        }\n        \n        <\/style><div class=\"fts-jal-fb-header\"><h1 ><a href=\"https:\/\/www.facebook.com\/453426394528540\/\" target=\"_blank\" rel=\"noreferrer\">Lands.lv<\/a><\/h1><div class=\"fts-jal-fb-group-header-desc\"><\/div><\/div><div class=\"fts-jal-fb-group-display fts-simple-fb-wrapper feed_dynamic_classlkpvzkqnjh_page\"><div class=\"fts-jal-single-fb-post fts-fb-video-post-wrap\" ><div  class=\"fts-jal-fb-right-wrap\"><div class=\"fts-jal-fb-top-wrap\"><div class=\"fts-jal-fb-user-thumb\"><a href=\"https:\/\/www.facebook.com\/453426394528540\" target=\"_blank\" rel=\"noreferrer\"><img decoding=\"async\" border=\"0\" alt=\"Lands.Lv\" src=\"https:\/\/scontent-iad3-1.xx.fbcdn.net\/v\/t39.30808-1\/474179383_122128505414592965_2176541811202229765_n.jpg?stp=c355.0.1080.1080a_cp0_dst-jpg_s50x50_tt6&amp;_nc_cat=109&amp;ccb=1-7&amp;_nc_sid=f907e8&amp;_nc_ohc=WWrLntyShiIQ7kNvwEg1bSj&amp;_nc_oc=AdlJVfZDTRlaG4tuo_XVBp5kyKLTWOsNf6Um8-uSR97i0Uph6V_ErLboiugQ-HOrGvc&amp;_nc_zt=24&amp;_nc_ht=scontent-iad3-1.xx&amp;edm=AJdBtusEAAAA&amp;_nc_gid=WwUBiu86NHEy5oaLht3R6A&amp;oh=00_AfMZo_LN1o7tkgslKzh2e9AuVS-FyO3el3jZuujAwBDYGg&amp;oe=68618983\"\/><\/a><\/div><span class=\"fts-jal-fb-user-name\"><a href=\"https:\/\/www.facebook.com\/453426394528540\" target=\"_blank\" rel=\"noreferrer\">Lands.lv<\/a><\/span><span class=\"fts-jal-fb-post-time\">2025\/02\/13 @ 20:09<\/span><div class=\"fts-clear\"><\/div><div class=\"fts-jal-fb-message\">Iepaz\u012bstin\u0101m ar projektu MODERN 1+<br \/>\n<br \/>\nSegtas terases viet\u0101 var izmantot dz\u012bvojamo bloku:<br \/>\n\u2728 Logu stiklojums un b\u012bd\u0101m\u0101s ieejas durvis.<br \/>\n\u0160\u0101d\u0101 veid\u0101 m\u0113s esam papla\u0161in\u0101ju\u0161i dz\u012bvojamo telpu,:<br \/>\n<br \/>\nieejas gaitenis (koridors),<br \/>\nizol\u0113tu kabinetu ar panor\u0101mas stiklojumu - ide\u0101la vieta darbam,<br \/>\n\u0113damzonu ar panor\u0101mas skatu uz d\u0101rzu.<br \/>\nMODERN 1+ ir v\u0113l vair\u0101k gaismas, telpas un m\u0101j\u012bguma j\u016bsu m\u0101j\u0101s!<br \/>\n<br \/>\n\ud83d\udcde Uzzini vair\u0101k: +(371) 25261596 vai m\u0101jaslap\u0101: <a href=\"https:\/\/www.lands.lv.\" target=\"_blank\" rel=\"noreferrer\">www.lands.lv.<\/a><br \/>\n<br \/>\n<a href=\"https:\/\/youtu.be\/sQLcLHW50qw\" target=\"_blank\" rel=\"noreferrer\">https:\/\/youtu.be\/sQLcLHW50qw<\/a><div class=\"fts-clear\"><\/div><\/div><\/div><div class=\"fts-jal-fb-vid-wrap\"><div class=\"fts-jal-fb-vid-picture feed_dynamic_video_classvkkwngeeuk_page\"><img decoding=\"async\" class=\"fts-jal-fb-vid-image\" border=\"0\" alt=\"Lands.Lv\" src=\"https:\/\/external-iad3-1.xx.fbcdn.net\/emg1\/v\/t13\/14634491721499011999?url=https%3A%2F%2Fi.ytimg.com%2Fvi%2FsQLcLHW50qw%2Fmaxresdefault.jpg&#038;fb_obo=1&#038;utld=ytimg.com&#038;stp=c0.5000x0.5000f_dst-emg0_p720x720_q75_tt6&#038;edm=AKIiGfEEAAAA&#038;_nc_gid=SDMbHINwjhpPtUSmr1uVyA&#038;_nc_oc=Adl7zEps7MJe-YnQdqnPXdAzbBhWbdpPCCzq3DD-L5KU46g9VeIUS4oSof3nnirQCSA&#038;ccb=13-1&#038;oh=06_Q3-0Adver7_HYrBExo5n9pGDMmvspUwb9hMfmneMFFutJ6d2&#038;oe=685D9C74&#038;_nc_sid=ef6713\"\/><div class=\"fts-jal-fb-vid-play-btn\"><\/div><\/div><script> jQuery(document).ready(function() {\n                                jQuery(\".feed_dynamic_video_classvkkwngeeuk_page\").click(function() {\n                                    if (!jQuery(this).hasClass(\"fts-iframe-loaded\")) {\n                                        jQuery(this).addClass(\"fts-vid-div\");\n                                        jQuery(this).removeClass(\"fts-jal-fb-vid-picture\");\n                                        jQuery(this).find(\"img\").hide();\n                                        jQuery(this).prepend('<div class=\"fts-fluid-videoWrapper\"><iframe height=\"281\" class=\"video453426394528540_122133933596592965\" src=\"https:\/\/www.youtube.com\/embed\/sQLcLHW50qw?autoplay=1\" frameborder=\"0\" allowfullscreen><\/iframe><\/div>');\n                                                                            }\n                            }); }); <\/script> <div class=\"fts-jal-fb-description-wrap fb-id453426394528540_122133933596592965\"><a href=\"https:\/\/l.facebook.com\/l.php?u=https%3A%2F%2Fyoutu.be%2FsQLcLHW50qw&#038;h=AT2FYtHZSbpZCl7a2wpFDnhyAJRK4tPfvvs1D1Ss3tg3-xjFUZhgvcQLT5pLXur0S8eUf1p5B9bsLxcEQuIjAZ_iQ-lMJTwxVe9Xx_QSgSlhkJ8qHFrXNlZSp-88UbG2&#038;s=1\" target=\"_blank\" rel=\"noreferrer\" class=\"fts-jal-fb-name fb-id453426394528540_122133933596592965\">Flex M\u0101ja MODERN 1+<\/a><div class=\"fts-jal-fb-description fb-id453426394528540_122133933596592965\">Iepaz\u012bstin\u0101m ar projektu MODERN 1+Segtas terases viet\u0101 var izmantot dz\u012bvojamo bloku:\u2728 Logu stiklojums un b\u012bd\u0101m\u0101s ieejas durvis.\u0160\u0101d\u0101 veid\u0101 m\u0113s esam papla\u0161in\u0101j....<\/div><div class=\"fts-jal-fb-caption fb-id453426394528540_122133933596592965\"><\/div><div class=\"fts-clear\"><\/div><\/div><div class=\"fts-clear\"><\/div><\/div><div class=\"fts-clear\"><\/div><\/div><div class=\"fts-likes-shares-etc-wrap\"><div class=\"fts-fb-likes-shares-etc-content\"><a href=\"https:\/\/www.facebook.com\/453426394528540_453426394528540_122133933596592965\" target=\"_blank\" rel=\"noreferrer\" class=\"fts-view-on-facebook-url fts-jal-fb-see-more\"><span class=\"fts-count-wrap fts-likes-wrap\"><\/span><span class=\"fts-count-wrap fts-comments-wrap\"><\/span><span class=\"fts-count-wrap fts-shares-wrap\"><\/span><\/a><div class=\"fts-shares-view-on-fb-wrap\"><a href=\"https:\/\/www.facebook.com\/453426394528540_453426394528540_122133933596592965\" target=\"_blank\" rel=\"noreferrer\" class=\"fts-view-on-facebook-url fts-jal-fb-see-more\"><span class=\"fts-view-on-facebook\">Skat\u012bt Facebook<\/span><\/a><div class=\"fts-share-wrap\"><a href=\"javascript:;\" class=\"ft-gallery-link-popup\" title=\"Social Share Options\"><\/a><div class=\"ft-gallery-share-wrap\"><a href=\"https:\/\/www.facebook.com\/sharer\/sharer.php?u=https:\/\/www.facebook.com\/453426394528540_453426394528540_122133933596592965\" target=\"_blank\" rel=\"noreferrer\" class=\"ft-galleryfacebook-icon\" title=\"Dal\u012bties ar \u0161o zi\u0146u Facebook\"><i class=\"fa fa-facebook-square\"><\/i><\/a><a href=\"https:\/\/twitter.com\/intent\/tweet?text=https:\/\/www.facebook.com\/453426394528540_453426394528540_122133933596592965+1\" target=\"_blank\" rel=\"noreferrer\" class=\"ft-gallerytwitter-icon\" title=\"Kop\u012bgojiet \u0161o zi\u0146u Twitter\"><i class=\"fa fa-twitter\"><\/i><\/a><a href=\"https:\/\/www.linkedin.com\/shareArticle?mini=true&amp;url=https:\/\/www.facebook.com\/453426394528540_453426394528540_122133933596592965\" target=\"_blank\" rel=\"noreferrer\" class=\"ft-gallerylinkedin-icon\" title=\"Dal\u012bties ar \u0161o zi\u0146u Linkedin\"><i class=\"fa fa-linkedin\"><\/i><\/a><a href=\"mailto:?subject=Shared Link&amp;body=https:\/\/www.facebook.com\/453426394528540_453426394528540_122133933596592965 - 1\" target=\"_blank\" rel=\"noreferrer\" class=\"ft-galleryemail-icon\" title=\"Kop\u012bgojiet \u0161o zi\u0146u sav\u0101 e-past\u0101\"><i class=\"fa fa-envelope\"><\/i><\/a><\/div><\/div><\/div><\/div><\/div><div class=\"fts-clear\"><\/div><\/div><\/div><div class=\"fts-clear\"><\/div><div id=\"fb-root\"><\/div>\n\t\t<\/div>\n\t\n<p>\u00a0<\/p>\n<h2 class=\"uppercase\"><strong>Darba posmi ar mums<\/strong><\/h2>\n<p>M\u0113s kop\u0101 ar jums izstaig\u0101sim katru soli no idejas l\u012bdz m\u0101jas b\u016bvniec\u012bbai.<\/p>\n\n\t\t<\/div>\n\t\t\t\t\t<\/div>\n\n\t\n\n<\/div>\n<div class=\"row\"  id=\"row-1034396600\">\n\n\n\t<div id=\"col-2076031129\" class=\"col medium-3 small-6 large-3\"  >\n\t\t\t\t<div class=\"col-inner\"  >\n\t\t\t\n\t\t\t\n\n<p><strong>\u25b6 01. Solis<\/strong><br \/>Konsult\u0101cijas, apr\u012bkojuma izv\u0113le.<\/p>\n\n\t\t<\/div>\n\t\t\t\t\t<\/div>\n\n\t\n\n\t<div id=\"col-1546447824\" class=\"col medium-3 small-6 large-3\"  >\n\t\t\t\t<div class=\"col-inner\"  >\n\t\t\t\n\t\t\t\n\n<p><strong>\u25b6 02. Solis<\/strong><br \/>Vieno\u0161an\u0101s par m\u0101jas uzst\u0101d\u012b\u0161anas laiku - l\u012bguma parakst\u012b\u0161ana.<\/p>\n\n\t\t<\/div>\n\t\t\t\t\t<\/div>\n\n\t\n\n\t<div id=\"col-355963708\" class=\"col medium-3 small-6 large-3\"  >\n\t\t\t\t<div class=\"col-inner\"  >\n\t\t\t\n\t\t\t\n\n<p><strong>\u25b6 03. Solis<\/strong><br \/>B\u016bvlaukuma sagatavo\u0161ana m\u0101jas uzst\u0101d\u012b\u0161anai, m\u0101jas pieg\u0101de un uzst\u0101d\u012b\u0161ana.<\/p>\n\n\t\t<\/div>\n\t\t\t\t\t<\/div>\n\n\t\n\n\t<div id=\"col-729390984\" class=\"col medium-3 small-6 large-3\"  >\n\t\t\t\t<div class=\"col-inner\"  >\n\t\t\t\n\t\t\t\n\n<p><strong>\u25b6 04. Solis<\/strong><br \/>M\u0101jas piesl\u0113g\u0161ana t\u012bkliem, m\u0101jas nodo\u0161ana ekspluat\u0101cij\u0101 klientam.<\/p>\n\n\t\t<\/div>\n\t\t\t\t\t<\/div>\n\n\t\n\n<\/div>\n<div class=\"row\"  id=\"row-1734394506\">\n\n\n\t<div id=\"col-666251093\" class=\"col medium-6 small-12 large-6\"  >\n\t\t\t\t<div class=\"col-inner\"  >\n\t\t\t\n\t\t\t\n\n<div class=\"t396__elem tn-elem tn-elem__6304474081692617284417\" data-elem-id=\"1692617284417\" data-elem-type=\"text\" data-field-top-value=\"10\" data-field-left-value=\"0\" data-field-width-value=\"588\" data-field-axisy-value=\"top\" data-field-axisx-value=\"left\" data-field-container-value=\"grid\" data-field-topunits-value=\"px\" data-field-leftunits-value=\"px\" data-field-heightunits-value=\"\" data-field-widthunits-value=\"px\" data-field-top-res-640-value=\"-396\" data-field-left-res-640-value=\"2081\" data-field-width-res-640-value=\"605\" data-field-top-res-960-value=\"10\" data-field-left-res-960-value=\"10\" data-field-width-res-960-value=\"454\" data-fields=\"top,left,width,container,axisx,axisy,widthunits,leftunits,topunits\">\n<div class=\"tn-atom\"><strong>K\u0101di jaut\u0101jumi?<\/strong><\/div>\n<div>\u00a0<\/div>\n<\/div>\n<div class=\"t396__elem tn-elem tn-elem__6304474081689151903994\" data-elem-id=\"1689151903994\" data-elem-type=\"text\" data-field-top-value=\"70\" data-field-left-value=\"0\" data-field-width-value=\"440\" data-field-axisy-value=\"top\" data-field-axisx-value=\"left\" data-field-container-value=\"grid\" data-field-topunits-value=\"px\" data-field-leftunits-value=\"px\" data-field-heightunits-value=\"\" data-field-widthunits-value=\"px\" data-field-top-res-320-value=\"-639\" data-field-left-res-320-value=\"1460\" data-field-width-res-320-value=\"303\" data-field-top-res-480-value=\"55\" data-field-width-res-480-value=\"444\" data-field-top-res-640-value=\"56\" data-field-width-res-640-value=\"447\" data-field-top-res-960-value=\"66\" data-field-left-res-960-value=\"10\" data-fields=\"top,left,width,container,axisx,axisy,widthunits,leftunits,topunits\">\n<div class=\"tn-atom\">Sazinieties ar mums vai pierakstieties uz konsult\u0101ciju, un m\u0113s atbild\u0113sim uz visiem j\u016bsu jaut\u0101jumiem!<\/div>\n<div>\n<p><strong>T\u0101lru\u0146a numurs<\/strong><\/p>\n<p>+371 24810849 Edgars<\/p>\n<p><span class=\"translatable-message\">+371 25261596 Vadims<\/span><\/p>\n<p><strong>E-pasts<\/strong><\/p>\n<p>landsriga@gmail.com<\/p>\n<p>info@lands.lv<\/p>\n<div class=\"t396__elem tn-elem tn-elem__6118921401688390793941\" data-elem-id=\"1688390793941\" data-elem-type=\"text\" data-field-top-value=\"422\" data-field-left-value=\"611\" data-field-width-value=\"46\" data-field-axisy-value=\"top\" data-field-axisx-value=\"left\" data-field-container-value=\"grid\" data-field-topunits-value=\"px\" data-field-leftunits-value=\"px\" data-field-heightunits-value=\"\" data-field-widthunits-value=\"px\" data-field-width-res-320-value=\"228\" data-field-top-res-480-value=\"456\" data-field-width-res-480-value=\"358\" data-field-top-res-640-value=\"310\" data-field-left-res-640-value=\"10\" data-field-top-res-960-value=\"387\" data-field-left-res-960-value=\"494\" data-fields=\"top,left,width,container,axisx,axisy,widthunits,leftunits,topunits\">\n<div class=\"tn-atom\"><strong>Ra\u017eo\u0161ana<\/strong><\/div>\n<div>Katlakalna iela 11, R\u012bga<\/div>\n<\/div>\n<div>\u00a0<\/div>\n<div><strong>Rekviz\u012bti<\/strong><\/div>\n<div>\u00a0<\/div>\n<div>SIA \"L.E.A.\"<br \/>Re\u0123istr\u0101cijas numurs: 42103098540<\/div>\n<div>Swedbank: <a class=\"wta-name-accountNumber wta-hide-id wta-hide-title\" title=\"Konta p\u0101rskats\">LV66HABA0551047452102<\/a><\/div>\n<div>Juridisk\u0101 adrese: D\u0113\u013cu iela 4, R\u012bga, LV-1004<\/div>\n<div>Mob: +371 24810849 Edgars<\/div>\n<div>Mob: <span class=\"translatable-message\">+371 25261596 Vadims<\/span><\/div>\n<div>E-pasts: info@lands.lv<\/div>\n<\/div>\n<\/div>\n\n\t\t<\/div>\n\t\t\t\t\t<\/div>\n\n\t\n\n\t<div id=\"col-1065645145\" class=\"col medium-6 small-12 large-6\"  >\n\t\t\t\t<div class=\"col-inner\"  >\n\t\t\t\n\t\t\t\n\n\n<div class=\"wpcf7 no-js\" id=\"wpcf7-f379-o1\" lang=\"ru-RU\" dir=\"ltr\" data-wpcf7-id=\"379\">\n<div class=\"screen-reader-response\"><p role=\"status\" aria-live=\"polite\" aria-atomic=\"true\"><\/p> <ul><\/ul><\/div>\n<form action=\"\/lv\/wp-json\/wp\/v2\/pages\/1294#wpcf7-f379-o1\" method=\"post\" class=\"wpcf7-form init\" aria-label=\"Kontaktinform\u0101cija\" novalidate=\"novalidate\" data-status=\"init\" data-trp-original-action=\"\/lv\/wp-json\/wp\/v2\/pages\/1294#wpcf7-f379-o1\">\n<fieldset class=\"hidden-fields-container\"><input type=\"hidden\" name=\"_wpcf7\" value=\"379\" \/><input type=\"hidden\" name=\"_wpcf7_version\" value=\"6.1.5\" \/><input type=\"hidden\" name=\"_wpcf7_locale\" value=\"ru_RU\" \/><input type=\"hidden\" name=\"_wpcf7_unit_tag\" value=\"wpcf7-f379-o1\" \/><input type=\"hidden\" name=\"_wpcf7_container_post\" value=\"0\" \/><input type=\"hidden\" name=\"_wpcf7_posted_data_hash\" value=\"\" \/>\n<\/fieldset>\n<p><label> J\u016bsu v\u0101rds<br \/>\n<span class=\"wpcf7-form-control-wrap\" data-name=\"your-name\"><input size=\"40\" maxlength=\"400\" class=\"wpcf7-form-control wpcf7-text wpcf7-validates-as-required\" autocomplete=\"name\" aria-required=\"true\" aria-invalid=\"false\" value=\"\" type=\"text\" name=\"your-name\" \/><\/span> <\/label>\n<\/p>\n<p><label> T\u0101lru\u0146a numurs<br \/>\n<span class=\"wpcf7-form-control-wrap\" data-name=\"tel-706\"><input size=\"40\" maxlength=\"400\" class=\"wpcf7-form-control wpcf7-tel wpcf7-text wpcf7-validates-as-tel\" aria-invalid=\"false\" value=\"\" type=\"tel\" name=\"tel-706\" \/><\/span> <\/label>\n<\/p>\n<p><label> J\u016bsu e-pasts<br \/>\n<span class=\"wpcf7-form-control-wrap\" data-name=\"your-email\"><input size=\"40\" maxlength=\"400\" class=\"wpcf7-form-control wpcf7-email wpcf7-validates-as-required wpcf7-text wpcf7-validates-as-email\" autocomplete=\"email\" aria-required=\"true\" aria-invalid=\"false\" value=\"\" type=\"email\" name=\"your-email\" \/><\/span> <\/label>\n<\/p>\n<p><label> T\u0113ma<br \/>\n<span class=\"wpcf7-form-control-wrap\" data-name=\"your-subject\"><input size=\"40\" maxlength=\"400\" class=\"wpcf7-form-control wpcf7-text wpcf7-validates-as-required\" aria-required=\"true\" aria-invalid=\"false\" value=\"\" type=\"text\" name=\"your-subject\" \/><\/span> <\/label>\n<\/p>\n<p><label> J\u016bsu zi\u0146a<br \/>\n<span class=\"wpcf7-form-control-wrap\" data-name=\"your-message\"><textarea cols=\"40\" rows=\"10\" maxlength=\"2000\" class=\"wpcf7-form-control wpcf7-textarea wpcf7-validates-as-required\" aria-required=\"true\" aria-invalid=\"false\" name=\"your-message\"><\/textarea><\/span> <\/label>\n<\/p>\n<p><input class=\"wpcf7-form-control wpcf7-submit has-spinner\" type=\"submit\" value=\"S\u016bt\u012bt\" \/>\n<\/p><div class=\"wpcf7-response-output\" aria-hidden=\"true\"><\/div>\n<input type=\"hidden\" name=\"trp-form-language\" value=\"lv\"\/><\/form>\n<\/div>\n\n\n\n\t\t<\/div>\n\t\t\t\t\t<\/div>\n\n\t\n\n<\/div>\n<div class=\"row\"  id=\"row-218449338\">\n\n\n<\/div>","protected":false},"excerpt":{"rendered":"","protected":false},"author":1,"featured_media":0,"parent":0,"menu_order":0,"comment_status":"closed","ping_status":"closed","template":"","meta":{"footnotes":""},"class_list":["post-1294","page","type-page","status-publish","hentry"],"_links":{"self":[{"href":"https:\/\/www.lands.lv\/lv\/wp-json\/wp\/v2\/pages\/1294","targetHints":{"allow":["GET"]}}],"collection":[{"href":"https:\/\/www.lands.lv\/lv\/wp-json\/wp\/v2\/pages"}],"about":[{"href":"https:\/\/www.lands.lv\/lv\/wp-json\/wp\/v2\/types\/page"}],"author":[{"embeddable":true,"href":"https:\/\/www.lands.lv\/lv\/wp-json\/wp\/v2\/users\/1"}],"replies":[{"embeddable":true,"href":"https:\/\/www.lands.lv\/lv\/wp-json\/wp\/v2\/comments?post=1294"}],"version-history":[{"count":20,"href":"https:\/\/www.lands.lv\/lv\/wp-json\/wp\/v2\/pages\/1294\/revisions"}],"predecessor-version":[{"id":1744,"href":"https:\/\/www.lands.lv\/lv\/wp-json\/wp\/v2\/pages\/1294\/revisions\/1744"}],"wp:attachment":[{"href":"https:\/\/www.lands.lv\/lv\/wp-json\/wp\/v2\/media?parent=1294"}],"curies":[{"name":"wp","href":"https:\/\/api.w.org\/{rel}","templated":true}]}}